{"id":1749,"date":"2021-10-06T15:02:46","date_gmt":"2021-10-06T15:02:46","guid":{"rendered":"https:\/\/corefoodservice.com\/?page_id=1749"},"modified":"2025-05-15T14:33:50","modified_gmt":"2025-05-15T14:33:50","slug":"aide-a-la-vente","status":"publish","type":"page","link":"https:\/\/corefoodservice.com\/fr-CA\/aide-a-la-vente\/","title":{"rendered":"Aide \u00e0 la vente"},"content":{"rendered":"<h2 style=\"text-align: center;\">CORE Foodservice est structur\u00e9 pour s\u2019adapter aux r\u00e9alit\u00e9s du march\u00e9 d\u2019aujourd\u2019hui et au nouvel environnement op\u00e9rationnel.<\/h2>\n<h2 style=\"text-align: center;\">Gr\u00e2ce \u00e0 une structure sectorielle d\u00e9di\u00e9e et plus de 750\u00a0associ\u00e9s de vente en contact avec les clients, nous \u00e9tendons notre port\u00e9e tout en \u00e9quilibrant les technologies propri\u00e9taires avec une ex\u00e9cution humaine.<\/h2>\n<h2 style=\"text-align: center;\">Ces efforts permettent aux clients de red\u00e9finir, de moderniser et de transformer leurs processus de vente de bout en bout.<\/h2>\n<ul>\n<li>Des solutions num\u00e9riques avanc\u00e9es pour acc\u00e9l\u00e9rer l\u2019ex\u00e9cution des ventes et le traitement de la saisie des commandes<\/li>\n<li>Acc\u00e8s aux meilleurs talents du secteur et aux capacit\u00e9s de l\u2019entreprise, notamment en ce qui concerne le commerce \u00e9lectronique, les donn\u00e9es et l\u2019analyse d\u2019entreprise<\/li>\n<li>Une expertise omnicanal pour naviguer entre les exigences des consommateurs et celles des petits restaurants<\/li>\n<li>Acc\u00e8s aux donn\u00e9es solides et aux ensembles de comp\u00e9tences pour d\u00e9velopper l\u2019analyse afin de comprendre et d\u2019exploiter les tendances qui d\u00e9terminent le comportement des consommateurs de services de restauration<\/li>\n<\/ul>\n","protected":false},"excerpt":{"rendered":"CORE Foodservice est structur\u00e9 pour s\u2019adapter aux r\u00e9alit\u00e9s du march\u00e9 d\u2019aujourd\u2019hui et au nouvel environnement op\u00e9rationnel. Gr\u00e2ce \u00e0 une structure sectorielle d\u00e9di\u00e9e et plus de 750\u00a0associ\u00e9s de vente en contact avec les clients, nous \u00e9tendons notre port\u00e9e tout en \u00e9quilibrant les technologies propri\u00e9taires avec une ex\u00e9cution humaine. Ces efforts permettent aux clients de red\u00e9finir, de moderniser et de transformer leurs&#8230; <a class=\"view-article\" href=\"https:\/\/corefoodservice.com\/fr-CA\/aide-a-la-vente\/\">View Article<\/a>","protected":false},"author":64,"featured_media":1750,"parent":0,"menu_order":0,"comment_status":"closed","ping_status":"closed","template":"template-business.php","meta":{"_acf_changed":false,"footnotes":""},"class_list":["post-1749","page","type-page","status-publish","has-post-thumbnail","hentry"],"acf":[],"_links":{"self":[{"href":"https:\/\/corefoodservice.com\/fr-CA\/wp-json\/wp\/v2\/pages\/1749","targetHints":{"allow":["GET"]}}],"collection":[{"href":"https:\/\/corefoodservice.com\/fr-CA\/wp-json\/wp\/v2\/pages"}],"about":[{"href":"https:\/\/corefoodservice.com\/fr-CA\/wp-json\/wp\/v2\/types\/page"}],"author":[{"embeddable":true,"href":"https:\/\/corefoodservice.com\/fr-CA\/wp-json\/wp\/v2\/users\/64"}],"replies":[{"embeddable":true,"href":"https:\/\/corefoodservice.com\/fr-CA\/wp-json\/wp\/v2\/comments?post=1749"}],"version-history":[{"count":0,"href":"https:\/\/corefoodservice.com\/fr-CA\/wp-json\/wp\/v2\/pages\/1749\/revisions"}],"wp:featuredmedia":[{"embeddable":true,"href":"https:\/\/corefoodservice.com\/fr-CA\/wp-json\/wp\/v2\/media\/1750"}],"wp:attachment":[{"href":"https:\/\/corefoodservice.com\/fr-CA\/wp-json\/wp\/v2\/media?parent=1749"}],"curies":[{"name":"wp","href":"https:\/\/api.w.org\/{rel}","templated":true}]}}